{"id":4324,"date":"2021-06-13T00:35:21","date_gmt":"2021-06-12T21:35:21","guid":{"rendered":"http:\/\/ekmekcigurme.com.tr\/?post_type=product&#038;p=4324"},"modified":"2022-08-27T18:54:24","modified_gmt":"2022-08-27T15:54:24","slug":"kol-boregi-kiymali","status":"publish","type":"product","link":"http:\/\/ekmekcigurme.com.tr\/?product=kol-boregi-kiymali","title":{"rendered":"Kol B\u00f6re\u011fi K\u0131ymal\u0131"},"content":{"rendered":"","protected":false},"excerpt":{"rendered":"","protected":false},"featured_media":4285,"comment_status":"open","ping_status":"closed","template":"","meta":[],"_links":{"self":[{"href":"http:\/\/ekmekcigurme.com.tr\/index.php?rest_route=\/wp\/v2\/product\/4324"}],"collection":[{"href":"http:\/\/ekmekcigurme.com.tr\/index.php?rest_route=\/wp\/v2\/product"}],"about":[{"href":"http:\/\/ekmekcigurme.com.tr\/index.php?rest_route=\/wp\/v2\/types\/product"}],"replies":[{"embeddable":true,"href":"http:\/\/ekmekcigurme.com.tr\/index.php?rest_route=%2Fwp%2Fv2%2Fcomments&post=4324"}],"wp:featuredmedia":[{"embeddable":true,"href":"http:\/\/ekmekcigurme.com.tr\/index.php?rest_route=\/wp\/v2\/media\/4285"}],"wp:attachment":[{"href":"http:\/\/ekmekcigurme.com.tr\/index.php?rest_route=%2Fwp%2Fv2%2Fmedia&parent=4324"}],"curies":[{"name":"wp","href":"https:\/\/api.w.org\/{rel}","templated":true}]}}