{"id":4319,"date":"2021-06-13T00:32:35","date_gmt":"2021-06-12T21:32:35","guid":{"rendered":"http:\/\/ekmekcigurme.com.tr\/?post_type=product&#038;p=4319"},"modified":"2022-08-27T18:54:03","modified_gmt":"2022-08-27T15:54:03","slug":"kasarli-acma","status":"publish","type":"product","link":"http:\/\/ekmekcigurme.com.tr\/?product=kasarli-acma","title":{"rendered":"Ka\u015farl\u0131 A\u00e7ma"},"content":{"rendered":"","protected":false},"excerpt":{"rendered":"","protected":false},"featured_media":4285,"comment_status":"open","ping_status":"closed","template":"","meta":[],"_links":{"self":[{"href":"http:\/\/ekmekcigurme.com.tr\/index.php?rest_route=\/wp\/v2\/product\/4319"}],"collection":[{"href":"http:\/\/ekmekcigurme.com.tr\/index.php?rest_route=\/wp\/v2\/product"}],"about":[{"href":"http:\/\/ekmekcigurme.com.tr\/index.php?rest_route=\/wp\/v2\/types\/product"}],"replies":[{"embeddable":true,"href":"http:\/\/ekmekcigurme.com.tr\/index.php?rest_route=%2Fwp%2Fv2%2Fcomments&post=4319"}],"wp:featuredmedia":[{"embeddable":true,"href":"http:\/\/ekmekcigurme.com.tr\/index.php?rest_route=\/wp\/v2\/media\/4285"}],"wp:attachment":[{"href":"http:\/\/ekmekcigurme.com.tr\/index.php?rest_route=%2Fwp%2Fv2%2Fmedia&parent=4319"}],"curies":[{"name":"wp","href":"https:\/\/api.w.org\/{rel}","templated":true}]}}