{"id":4311,"date":"2021-06-13T00:26:07","date_gmt":"2021-06-12T21:26:07","guid":{"rendered":"http:\/\/ekmekcigurme.com.tr\/?post_type=product&#038;p=4311"},"modified":"2022-08-27T18:53:28","modified_gmt":"2022-08-27T15:53:28","slug":"kasarli-pogaca","status":"publish","type":"product","link":"http:\/\/ekmekcigurme.com.tr\/?product=kasarli-pogaca","title":{"rendered":"Ka\u015farl\u0131 Po\u011fa\u00e7a"},"content":{"rendered":"","protected":false},"excerpt":{"rendered":"","protected":false},"featured_media":4285,"comment_status":"open","ping_status":"closed","template":"","meta":[],"_links":{"self":[{"href":"http:\/\/ekmekcigurme.com.tr\/index.php?rest_route=\/wp\/v2\/product\/4311"}],"collection":[{"href":"http:\/\/ekmekcigurme.com.tr\/index.php?rest_route=\/wp\/v2\/product"}],"about":[{"href":"http:\/\/ekmekcigurme.com.tr\/index.php?rest_route=\/wp\/v2\/types\/product"}],"replies":[{"embeddable":true,"href":"http:\/\/ekmekcigurme.com.tr\/index.php?rest_route=%2Fwp%2Fv2%2Fcomments&post=4311"}],"wp:featuredmedia":[{"embeddable":true,"href":"http:\/\/ekmekcigurme.com.tr\/index.php?rest_route=\/wp\/v2\/media\/4285"}],"wp:attachment":[{"href":"http:\/\/ekmekcigurme.com.tr\/index.php?rest_route=%2Fwp%2Fv2%2Fmedia&parent=4311"}],"curies":[{"name":"wp","href":"https:\/\/api.w.org\/{rel}","templated":true}]}}