{"id":4284,"date":"2021-06-12T23:42:50","date_gmt":"2021-06-12T20:42:50","guid":{"rendered":"http:\/\/ekmekcigurme.com.tr\/?post_type=product&#038;p=4284"},"modified":"2026-03-30T20:27:59","modified_gmt":"2026-03-30T17:27:59","slug":"fistikli-cevizli","status":"publish","type":"product","link":"http:\/\/ekmekcigurme.com.tr\/?product=fistikli-cevizli","title":{"rendered":"F\u0131st\u0131kl\u0131 \u00c7evizli"},"content":{"rendered":"","protected":false},"excerpt":{"rendered":"","protected":false},"featured_media":4285,"comment_status":"open","ping_status":"closed","template":"","meta":[],"_links":{"self":[{"href":"http:\/\/ekmekcigurme.com.tr\/index.php?rest_route=\/wp\/v2\/product\/4284"}],"collection":[{"href":"http:\/\/ekmekcigurme.com.tr\/index.php?rest_route=\/wp\/v2\/product"}],"about":[{"href":"http:\/\/ekmekcigurme.com.tr\/index.php?rest_route=\/wp\/v2\/types\/product"}],"replies":[{"embeddable":true,"href":"http:\/\/ekmekcigurme.com.tr\/index.php?rest_route=%2Fwp%2Fv2%2Fcomments&post=4284"}],"wp:featuredmedia":[{"embeddable":true,"href":"http:\/\/ekmekcigurme.com.tr\/index.php?rest_route=\/wp\/v2\/media\/4285"}],"wp:attachment":[{"href":"http:\/\/ekmekcigurme.com.tr\/index.php?rest_route=%2Fwp%2Fv2%2Fmedia&parent=4284"}],"curies":[{"name":"wp","href":"https:\/\/api.w.org\/{rel}","templated":true}]}}