{"id":4154,"date":"2021-06-05T01:10:11","date_gmt":"2021-06-04T22:10:11","guid":{"rendered":"http:\/\/ekmekcigurme.com.tr\/?post_type=product&#038;p=4154"},"modified":"2021-11-20T22:58:34","modified_gmt":"2021-11-20T19:58:34","slug":"parca-cikolatali-kurabiye","status":"publish","type":"product","link":"http:\/\/ekmekcigurme.com.tr\/?product=parca-cikolatali-kurabiye","title":{"rendered":"Par\u00e7a \u00c7ikolatal\u0131 Kurabiye"},"content":{"rendered":"","protected":false},"excerpt":{"rendered":"","protected":false},"featured_media":4157,"comment_status":"open","ping_status":"closed","template":"","meta":[],"_links":{"self":[{"href":"http:\/\/ekmekcigurme.com.tr\/index.php?rest_route=\/wp\/v2\/product\/4154"}],"collection":[{"href":"http:\/\/ekmekcigurme.com.tr\/index.php?rest_route=\/wp\/v2\/product"}],"about":[{"href":"http:\/\/ekmekcigurme.com.tr\/index.php?rest_route=\/wp\/v2\/types\/product"}],"replies":[{"embeddable":true,"href":"http:\/\/ekmekcigurme.com.tr\/index.php?rest_route=%2Fwp%2Fv2%2Fcomments&post=4154"}],"wp:featuredmedia":[{"embeddable":true,"href":"http:\/\/ekmekcigurme.com.tr\/index.php?rest_route=\/wp\/v2\/media\/4157"}],"wp:attachment":[{"href":"http:\/\/ekmekcigurme.com.tr\/index.php?rest_route=%2Fwp%2Fv2%2Fmedia&parent=4154"}],"curies":[{"name":"wp","href":"https:\/\/api.w.org\/{rel}","templated":true}]}}