{"id":3958,"date":"2021-05-02T01:12:45","date_gmt":"2021-05-01T22:12:45","guid":{"rendered":"http:\/\/ekmekcigurme.com.tr\/?post_type=product&#038;p=3958"},"modified":"2021-11-20T22:53:42","modified_gmt":"2021-11-20T19:53:42","slug":"kuru-pastalar-2","status":"publish","type":"product","link":"http:\/\/ekmekcigurme.com.tr\/?product=kuru-pastalar-2","title":{"rendered":"Havu\u00e7lu Tar\u00e7\u0131nl\u0131 Kurabiye"},"content":{"rendered":"","protected":false},"excerpt":{"rendered":"","protected":false},"featured_media":4120,"comment_status":"open","ping_status":"closed","template":"","meta":[],"_links":{"self":[{"href":"http:\/\/ekmekcigurme.com.tr\/index.php?rest_route=\/wp\/v2\/product\/3958"}],"collection":[{"href":"http:\/\/ekmekcigurme.com.tr\/index.php?rest_route=\/wp\/v2\/product"}],"about":[{"href":"http:\/\/ekmekcigurme.com.tr\/index.php?rest_route=\/wp\/v2\/types\/product"}],"replies":[{"embeddable":true,"href":"http:\/\/ekmekcigurme.com.tr\/index.php?rest_route=%2Fwp%2Fv2%2Fcomments&post=3958"}],"wp:featuredmedia":[{"embeddable":true,"href":"http:\/\/ekmekcigurme.com.tr\/index.php?rest_route=\/wp\/v2\/media\/4120"}],"wp:attachment":[{"href":"http:\/\/ekmekcigurme.com.tr\/index.php?rest_route=%2Fwp%2Fv2%2Fmedia&parent=3958"}],"curies":[{"name":"wp","href":"https:\/\/api.w.org\/{rel}","templated":true}]}}