{"id":3936,"date":"2021-05-02T00:18:32","date_gmt":"2021-05-01T21:18:32","guid":{"rendered":"http:\/\/ekmekcigurme.com.tr\/?post_type=product&#038;p=3936"},"modified":"2022-08-27T19:05:44","modified_gmt":"2022-08-27T16:05:44","slug":"sobiyet","status":"publish","type":"product","link":"http:\/\/ekmekcigurme.com.tr\/?product=sobiyet","title":{"rendered":"F\u0131st\u0131kl\u0131 Kaday\u0131f"},"content":{"rendered":"","protected":false},"excerpt":{"rendered":"","protected":false},"featured_media":4275,"comment_status":"open","ping_status":"closed","template":"","meta":[],"_links":{"self":[{"href":"http:\/\/ekmekcigurme.com.tr\/index.php?rest_route=\/wp\/v2\/product\/3936"}],"collection":[{"href":"http:\/\/ekmekcigurme.com.tr\/index.php?rest_route=\/wp\/v2\/product"}],"about":[{"href":"http:\/\/ekmekcigurme.com.tr\/index.php?rest_route=\/wp\/v2\/types\/product"}],"replies":[{"embeddable":true,"href":"http:\/\/ekmekcigurme.com.tr\/index.php?rest_route=%2Fwp%2Fv2%2Fcomments&post=3936"}],"wp:featuredmedia":[{"embeddable":true,"href":"http:\/\/ekmekcigurme.com.tr\/index.php?rest_route=\/wp\/v2\/media\/4275"}],"wp:attachment":[{"href":"http:\/\/ekmekcigurme.com.tr\/index.php?rest_route=%2Fwp%2Fv2%2Fmedia&parent=3936"}],"curies":[{"name":"wp","href":"https:\/\/api.w.org\/{rel}","templated":true}]}}