{"id":3896,"date":"2021-05-01T22:53:40","date_gmt":"2021-05-01T19:53:40","guid":{"rendered":"http:\/\/ekmekcigurme.com.tr\/?post_type=product&#038;p=3896"},"modified":"2022-08-27T18:46:11","modified_gmt":"2022-08-27T15:46:11","slug":"meyve-kokteyli-beyaz-cikolatali","status":"publish","type":"product","link":"http:\/\/ekmekcigurme.com.tr\/?product=meyve-kokteyli-beyaz-cikolatali","title":{"rendered":"U\u011fur B\u00f6ce\u011fi Pasta"},"content":{"rendered":"","protected":false},"excerpt":{"rendered":"","protected":false},"featured_media":4230,"comment_status":"open","ping_status":"closed","template":"","meta":[],"_links":{"self":[{"href":"http:\/\/ekmekcigurme.com.tr\/index.php?rest_route=\/wp\/v2\/product\/3896"}],"collection":[{"href":"http:\/\/ekmekcigurme.com.tr\/index.php?rest_route=\/wp\/v2\/product"}],"about":[{"href":"http:\/\/ekmekcigurme.com.tr\/index.php?rest_route=\/wp\/v2\/types\/product"}],"replies":[{"embeddable":true,"href":"http:\/\/ekmekcigurme.com.tr\/index.php?rest_route=%2Fwp%2Fv2%2Fcomments&post=3896"}],"wp:featuredmedia":[{"embeddable":true,"href":"http:\/\/ekmekcigurme.com.tr\/index.php?rest_route=\/wp\/v2\/media\/4230"}],"wp:attachment":[{"href":"http:\/\/ekmekcigurme.com.tr\/index.php?rest_route=%2Fwp%2Fv2%2Fmedia&parent=3896"}],"curies":[{"name":"wp","href":"https:\/\/api.w.org\/{rel}","templated":true}]}}