{"id":3887,"date":"2021-05-01T22:03:19","date_gmt":"2021-05-01T19:03:19","guid":{"rendered":"http:\/\/ekmekcigurme.com.tr\/?post_type=product&#038;p=3887"},"modified":"2022-08-27T18:42:52","modified_gmt":"2022-08-27T15:42:52","slug":"cikolatali-pasta","status":"publish","type":"product","link":"http:\/\/ekmekcigurme.com.tr\/?product=cikolatali-pasta","title":{"rendered":"F\u0131st\u0131kl\u0131 \u00c7ikolatal\u0131 Pasta"},"content":{"rendered":"<p>\u00c7ikolatal\u0131 Pasta<\/p>\n","protected":false},"excerpt":{"rendered":"<p>\u00c7ikolatal\u0131 Pasta<\/p>\n","protected":false},"featured_media":4225,"comment_status":"open","ping_status":"closed","template":"","meta":[],"_links":{"self":[{"href":"http:\/\/ekmekcigurme.com.tr\/index.php?rest_route=\/wp\/v2\/product\/3887"}],"collection":[{"href":"http:\/\/ekmekcigurme.com.tr\/index.php?rest_route=\/wp\/v2\/product"}],"about":[{"href":"http:\/\/ekmekcigurme.com.tr\/index.php?rest_route=\/wp\/v2\/types\/product"}],"replies":[{"embeddable":true,"href":"http:\/\/ekmekcigurme.com.tr\/index.php?rest_route=%2Fwp%2Fv2%2Fcomments&post=3887"}],"wp:featuredmedia":[{"embeddable":true,"href":"http:\/\/ekmekcigurme.com.tr\/index.php?rest_route=\/wp\/v2\/media\/4225"}],"wp:attachment":[{"href":"http:\/\/ekmekcigurme.com.tr\/index.php?rest_route=%2Fwp%2Fv2%2Fmedia&parent=3887"}],"curies":[{"name":"wp","href":"https:\/\/api.w.org\/{rel}","templated":true}]}}