{"id":9,"date":"2021-04-30T01:01:20","date_gmt":"2021-04-29T22:01:20","guid":{"rendered":"http:\/\/ekmekcigurme.com.tr\/?page_id=9"},"modified":"2021-05-02T05:30:00","modified_gmt":"2021-05-02T02:30:00","slug":"cart","status":"publish","type":"page","link":"http:\/\/ekmekcigurme.com.tr\/?page_id=9","title":{"rendered":"Cart"},"content":{"rendered":"<div class=\"woocommerce\"><div class=\"woocommerce-notices-wrapper\"><\/div><p class=\"cart-empty woocommerce-info\">Sepetiniz \u015fu anda bo\u015f.<\/p>\t<p class=\"return-to-shop\">\n\t\t<a class=\"button wc-backward\" href=\"http:\/\/ekmekcigurme.com.tr\/?page_id=8\">\n\t\t\tMa\u011fazaya geri d\u00f6n\t\t<\/a>\n\t<\/p>\n<\/div>\n","protected":false},"excerpt":{"rendered":"Sepetiniz \u015fu anda bo\u015f. Ma\u011fazaya geri d\u00f6n","protected":false},"author":1,"featured_media":0,"parent":0,"menu_order":0,"comment_status":"closed","ping_status":"closed","template":"","meta":[],"_links":{"self":[{"href":"http:\/\/ekmekcigurme.com.tr\/index.php?rest_route=\/wp\/v2\/pages\/9"}],"collection":[{"href":"http:\/\/ekmekcigurme.com.tr\/index.php?rest_route=\/wp\/v2\/pages"}],"about":[{"href":"http:\/\/ekmekcigurme.com.tr\/index.php?rest_route=\/wp\/v2\/types\/page"}],"author":[{"embeddable":true,"href":"http:\/\/ekmekcigurme.com.tr\/index.php?rest_route=\/wp\/v2\/users\/1"}],"replies":[{"embeddable":true,"href":"http:\/\/ekmekcigurme.com.tr\/index.php?rest_route=%2Fwp%2Fv2%2Fcomments&post=9"}],"version-history":[{"count":1,"href":"http:\/\/ekmekcigurme.com.tr\/index.php?rest_route=\/wp\/v2\/pages\/9\/revisions"}],"predecessor-version":[{"id":3696,"href":"http:\/\/ekmekcigurme.com.tr\/index.php?rest_route=\/wp\/v2\/pages\/9\/revisions\/3696"}],"wp:attachment":[{"href":"http:\/\/ekmekcigurme.com.tr\/index.php?rest_route=%2Fwp%2Fv2%2Fmedia&parent=9"}],"curies":[{"name":"wp","href":"https:\/\/api.w.org\/{rel}","templated":true}]}}