{"id":3988,"date":"2021-05-02T01:34:17","date_gmt":"2021-05-01T22:34:17","guid":{"rendered":"http:\/\/ekmekcigurme.com.tr\/?page_id=3988"},"modified":"2021-06-13T03:06:11","modified_gmt":"2021-06-13T00:06:11","slug":"ekler","status":"publish","type":"page","link":"http:\/\/ekmekcigurme.com.tr\/?page_id=3988","title":{"rendered":"Ekler"},"content":{"rendered":"<p>[vc_row row_content_width=&#8221;grid&#8221;][vc_column][vc_empty_space]<div class=\"woocommerce columns-3 \"><ul class=\"products columns-3\">\n<li class=\"product type-product post-4220 status-publish first instock product_cat-ekler product_cat-pastalar product_cat-sekerli-kuru-pastalar has-post-thumbnail shipping-taxable purchasable product-type-simple\">\n\t<div class=\"mkdf-pl-inner\"><div class=\"mkdf-pl-image\"><img width=\"300\" height=\"300\" src=\"http:\/\/ekmekcigurme.com.tr\/wp-content\/uploads\/2021\/06\/urun-31-300x300.jpg\" class=\"attachment-woocommerce_thumbnail size-woocommerce_thumbnail\" alt=\"\" loading=\"lazy\" srcset=\"http:\/\/ekmekcigurme.com.tr\/wp-content\/uploads\/2021\/06\/urun-31-300x300.jpg 300w, http:\/\/ekmekcigurme.com.tr\/wp-content\/uploads\/2021\/06\/urun-31-150x150.jpg 150w, http:\/\/ekmekcigurme.com.tr\/wp-content\/uploads\/2021\/06\/urun-31-650x650.jpg 650w, http:\/\/ekmekcigurme.com.tr\/wp-content\/uploads\/2021\/06\/urun-31-1300x1300.jpg 1300w, http:\/\/ekmekcigurme.com.tr\/wp-content\/uploads\/2021\/06\/urun-31-100x100.jpg 100w\" sizes=\"(max-width: 300px) 100vw, 300px\" \/><div class=\"mkdf-pl-text\"><div class=\"mkdf-pl-text-outer\"><div class=\"mkdf-pl-text-inner\"><a href=\"?add-to-cart=4220\" data-quantity=\"1\" class=\"button product_type_simple add_to_cart_button ajax_add_to_cart\" data-product_id=\"4220\" data-product_sku=\"\" aria-label=\"&ldquo;\u00c7ikolatal\u0131 Ekler&rdquo; \u00fcr\u00fcn\u00fcn\u00fc sepete ekle\" rel=\"nofollow\">Sepete Ekle<\/a><\/div><\/div><\/div><\/div><\/div><div class=\"mkdf-pl-text-wrapper\"><h4 class=\"mkdf-product-list-title\"><a href=\"http:\/\/ekmekcigurme.com.tr\/?product=cikolatali-ekler\">\u00c7ikolatal\u0131 Ekler<\/a><\/h4>\n\t<span class=\"price\"><span class=\"woocommerce-Price-amount amount\"><bdi><span class=\"woocommerce-Price-currencySymbol\">&#8378;<\/span>&nbsp;180,00<\/bdi><\/span><\/span>\n<\/div><a href=\"http:\/\/ekmekcigurme.com.tr\/?product=cikolatali-ekler\" class=\"woocommerce-LoopProduct-link woocommerce-loop-product__link\"><\/a><\/li><li class=\"product type-product post-4212 status-publish instock product_cat-ekler product_cat-pastalar product_cat-sekerli-kuru-pastalar has-post-thumbnail shipping-taxable product-type-simple\">\n\t<div class=\"mkdf-pl-inner\"><div class=\"mkdf-pl-image\"><img width=\"300\" height=\"300\" src=\"http:\/\/ekmekcigurme.com.tr\/wp-content\/uploads\/2021\/06\/urun-29-300x300.jpg\" class=\"attachment-woocommerce_thumbnail size-woocommerce_thumbnail\" alt=\"\" loading=\"lazy\" srcset=\"http:\/\/ekmekcigurme.com.tr\/wp-content\/uploads\/2021\/06\/urun-29-300x300.jpg 300w, http:\/\/ekmekcigurme.com.tr\/wp-content\/uploads\/2021\/06\/urun-29-150x150.jpg 150w, http:\/\/ekmekcigurme.com.tr\/wp-content\/uploads\/2021\/06\/urun-29-650x650.jpg 650w, http:\/\/ekmekcigurme.com.tr\/wp-content\/uploads\/2021\/06\/urun-29-1300x1300.jpg 1300w, http:\/\/ekmekcigurme.com.tr\/wp-content\/uploads\/2021\/06\/urun-29-100x100.jpg 100w\" sizes=\"(max-width: 300px) 100vw, 300px\" \/><div class=\"mkdf-pl-text\"><div class=\"mkdf-pl-text-outer\"><div class=\"mkdf-pl-text-inner\"><a href=\"http:\/\/ekmekcigurme.com.tr\/?product=cikolatali-rulo-pasta\" data-quantity=\"1\" class=\"button product_type_simple\" data-product_id=\"4212\" data-product_sku=\"\" aria-label=\"&ldquo;\u00c7ikolatal\u0131 Rulo Pasta&rdquo; hakk\u0131nda daha fazla bilgi edinin\" rel=\"nofollow\">Devam\u0131n\u0131 oku<\/a><\/div><\/div><\/div><\/div><\/div><div class=\"mkdf-pl-text-wrapper\"><h4 class=\"mkdf-product-list-title\"><a href=\"http:\/\/ekmekcigurme.com.tr\/?product=cikolatali-rulo-pasta\">\u00c7ikolatal\u0131 Rulo Pasta<\/a><\/h4>\n<\/div><a href=\"http:\/\/ekmekcigurme.com.tr\/?product=cikolatali-rulo-pasta\" class=\"woocommerce-LoopProduct-link woocommerce-loop-product__link\"><\/a><\/li><li class=\"product type-product post-4224 status-publish last instock product_cat-ekler has-post-thumbnail shipping-taxable purchasable product-type-simple\">\n\t<div class=\"mkdf-pl-inner\"><div class=\"mkdf-pl-image\"><img width=\"300\" height=\"300\" src=\"http:\/\/ekmekcigurme.com.tr\/wp-content\/uploads\/2021\/06\/urun-57-300x300.jpg\" class=\"attachment-woocommerce_thumbnail size-woocommerce_thumbnail\" alt=\"\" loading=\"lazy\" srcset=\"http:\/\/ekmekcigurme.com.tr\/wp-content\/uploads\/2021\/06\/urun-57-300x300.jpg 300w, http:\/\/ekmekcigurme.com.tr\/wp-content\/uploads\/2021\/06\/urun-57-150x150.jpg 150w, http:\/\/ekmekcigurme.com.tr\/wp-content\/uploads\/2021\/06\/urun-57-650x650.jpg 650w, http:\/\/ekmekcigurme.com.tr\/wp-content\/uploads\/2021\/06\/urun-57-1300x1300.jpg 1300w, http:\/\/ekmekcigurme.com.tr\/wp-content\/uploads\/2021\/06\/urun-57-100x100.jpg 100w\" sizes=\"(max-width: 300px) 100vw, 300px\" \/><div class=\"mkdf-pl-text\"><div class=\"mkdf-pl-text-outer\"><div class=\"mkdf-pl-text-inner\"><a href=\"?add-to-cart=4224\" data-quantity=\"1\" class=\"button product_type_simple add_to_cart_button ajax_add_to_cart\" data-product_id=\"4224\" data-product_sku=\"\" aria-label=\"&ldquo;izmir Bomba&rdquo; \u00fcr\u00fcn\u00fcn\u00fc sepete ekle\" rel=\"nofollow\">Sepete Ekle<\/a><\/div><\/div><\/div><\/div><\/div><div class=\"mkdf-pl-text-wrapper\"><h4 class=\"mkdf-product-list-title\"><a href=\"http:\/\/ekmekcigurme.com.tr\/?product=izmir-bomba\">izmir Bomba<\/a><\/h4>\n\t<span class=\"price\"><span class=\"woocommerce-Price-amount amount\"><bdi><span class=\"woocommerce-Price-currencySymbol\">&#8378;<\/span>&nbsp;210,00<\/bdi><\/span><\/span>\n<\/div><a href=\"http:\/\/ekmekcigurme.com.tr\/?product=izmir-bomba\" class=\"woocommerce-LoopProduct-link woocommerce-loop-product__link\"><\/a><\/li><li class=\"product type-product post-4216 status-publish first instock product_cat-ekler product_cat-pastalar product_cat-sekerli-kuru-pastalar has-post-thumbnail shipping-taxable purchasable product-type-simple\">\n\t<div class=\"mkdf-pl-inner\"><div class=\"mkdf-pl-image\"><img width=\"300\" height=\"300\" src=\"http:\/\/ekmekcigurme.com.tr\/wp-content\/uploads\/2021\/06\/urun-30-300x300.jpg\" class=\"attachment-woocommerce_thumbnail size-woocommerce_thumbnail\" alt=\"\" loading=\"lazy\" srcset=\"http:\/\/ekmekcigurme.com.tr\/wp-content\/uploads\/2021\/06\/urun-30-300x300.jpg 300w, http:\/\/ekmekcigurme.com.tr\/wp-content\/uploads\/2021\/06\/urun-30-150x150.jpg 150w, http:\/\/ekmekcigurme.com.tr\/wp-content\/uploads\/2021\/06\/urun-30-650x650.jpg 650w, http:\/\/ekmekcigurme.com.tr\/wp-content\/uploads\/2021\/06\/urun-30-1300x1300.jpg 1300w, http:\/\/ekmekcigurme.com.tr\/wp-content\/uploads\/2021\/06\/urun-30-100x100.jpg 100w\" sizes=\"(max-width: 300px) 100vw, 300px\" \/><div class=\"mkdf-pl-text\"><div class=\"mkdf-pl-text-outer\"><div class=\"mkdf-pl-text-inner\"><a href=\"?add-to-cart=4216\" data-quantity=\"1\" class=\"button product_type_simple add_to_cart_button ajax_add_to_cart\" data-product_id=\"4216\" data-product_sku=\"\" aria-label=\"&ldquo;Muzlu Rulo Pasta&rdquo; \u00fcr\u00fcn\u00fcn\u00fc sepete ekle\" rel=\"nofollow\">Sepete Ekle<\/a><\/div><\/div><\/div><\/div><\/div><div class=\"mkdf-pl-text-wrapper\"><h4 class=\"mkdf-product-list-title\"><a href=\"http:\/\/ekmekcigurme.com.tr\/?product=muzlu-rulo-pasta\">Muzlu Rulo Pasta<\/a><\/h4>\n\t<span class=\"price\"><span class=\"woocommerce-Price-amount amount\"><bdi><span class=\"woocommerce-Price-currencySymbol\">&#8378;<\/span>&nbsp;210,00<\/bdi><\/span><\/span>\n<\/div><a href=\"http:\/\/ekmekcigurme.com.tr\/?product=muzlu-rulo-pasta\" class=\"woocommerce-LoopProduct-link woocommerce-loop-product__link\"><\/a><\/li><\/ul>\n<\/div>[\/vc_column][\/vc_row]<\/p>\n","protected":false},"excerpt":{"rendered":"<p>[vc_row row_content_width=&#8221;grid&#8221;][vc_column][vc_empty_space][\/vc_column][\/vc_row]<\/p>\n","protected":false},"author":1,"featured_media":0,"parent":0,"menu_order":0,"comment_status":"closed","ping_status":"closed","template":"","meta":[],"_links":{"self":[{"href":"http:\/\/ekmekcigurme.com.tr\/index.php?rest_route=\/wp\/v2\/pages\/3988"}],"collection":[{"href":"http:\/\/ekmekcigurme.com.tr\/index.php?rest_route=\/wp\/v2\/pages"}],"about":[{"href":"http:\/\/ekmekcigurme.com.tr\/index.php?rest_route=\/wp\/v2\/types\/page"}],"author":[{"embeddable":true,"href":"http:\/\/ekmekcigurme.com.tr\/index.php?rest_route=\/wp\/v2\/users\/1"}],"replies":[{"embeddable":true,"href":"http:\/\/ekmekcigurme.com.tr\/index.php?rest_route=%2Fwp%2Fv2%2Fcomments&post=3988"}],"version-history":[{"count":7,"href":"http:\/\/ekmekcigurme.com.tr\/index.php?rest_route=\/wp\/v2\/pages\/3988\/revisions"}],"predecessor-version":[{"id":4111,"href":"http:\/\/ekmekcigurme.com.tr\/index.php?rest_route=\/wp\/v2\/pages\/3988\/revisions\/4111"}],"wp:attachment":[{"href":"http:\/\/ekmekcigurme.com.tr\/index.php?rest_route=%2Fwp%2Fv2%2Fmedia&parent=3988"}],"curies":[{"name":"wp","href":"https:\/\/api.w.org\/{rel}","templated":true}]}}