{"id":3884,"date":"2021-05-01T22:01:23","date_gmt":"2021-05-01T19:01:23","guid":{"rendered":"http:\/\/ekmekcigurme.com.tr\/?page_id=3884"},"modified":"2021-06-05T02:53:58","modified_gmt":"2021-06-04T23:53:58","slug":"pasta-cesitleri","status":"publish","type":"page","link":"http:\/\/ekmekcigurme.com.tr\/?page_id=3884","title":{"rendered":"pasta \u00e7e\u015fitleri"},"content":{"rendered":"<p>[vc_row row_content_width=&#8221;grid&#8221;][vc_column][vc_empty_space]<div class=\"woocommerce columns-3 \"><ul class=\"products columns-3\">\n<li class=\"product type-product post-3904 status-publish first instock product_cat-pastalar has-post-thumbnail shipping-taxable purchasable product-type-variable\">\n\t<div class=\"mkdf-pl-inner\"><div class=\"mkdf-pl-image\"><img width=\"300\" height=\"300\" src=\"http:\/\/ekmekcigurme.com.tr\/wp-content\/uploads\/2021\/05\/urun-40-1-300x300.jpg\" class=\"attachment-woocommerce_thumbnail size-woocommerce_thumbnail\" alt=\"\" loading=\"lazy\" srcset=\"http:\/\/ekmekcigurme.com.tr\/wp-content\/uploads\/2021\/05\/urun-40-1-300x300.jpg 300w, http:\/\/ekmekcigurme.com.tr\/wp-content\/uploads\/2021\/05\/urun-40-1-150x150.jpg 150w, http:\/\/ekmekcigurme.com.tr\/wp-content\/uploads\/2021\/05\/urun-40-1-650x650.jpg 650w, http:\/\/ekmekcigurme.com.tr\/wp-content\/uploads\/2021\/05\/urun-40-1-1300x1300.jpg 1300w, http:\/\/ekmekcigurme.com.tr\/wp-content\/uploads\/2021\/05\/urun-40-1-100x100.jpg 100w\" sizes=\"(max-width: 300px) 100vw, 300px\" \/><div class=\"mkdf-pl-text\"><div class=\"mkdf-pl-text-outer\"><div class=\"mkdf-pl-text-inner\"><a href=\"http:\/\/ekmekcigurme.com.tr\/?product=beyaz-cikolatali-pasta\" data-quantity=\"1\" class=\"button product_type_variable add_to_cart_button\" data-product_id=\"3904\" data-product_sku=\"\" aria-label=\"&ldquo;Bo\u011fazi\u00e7i Pasta&rdquo; i\u00e7in se\u00e7enekleri se\u00e7in\" rel=\"nofollow\">Se\u00e7enekler<\/a><\/div><\/div><\/div><\/div><\/div><div class=\"mkdf-pl-text-wrapper\"><h4 class=\"mkdf-product-list-title\"><a href=\"http:\/\/ekmekcigurme.com.tr\/?product=beyaz-cikolatali-pasta\">Bo\u011fazi\u00e7i Pasta<\/a><\/h4>\n\t<span class=\"price\"><span class=\"woocommerce-Price-amount amount\"><bdi><span class=\"woocommerce-Price-currencySymbol\">&#8378;<\/span>&nbsp;225,00<\/bdi><\/span> &ndash; <span class=\"woocommerce-Price-amount amount\"><bdi><span class=\"woocommerce-Price-currencySymbol\">&#8378;<\/span>&nbsp;285,00<\/bdi><\/span><\/span>\n<\/div><a href=\"http:\/\/ekmekcigurme.com.tr\/?product=beyaz-cikolatali-pasta\" class=\"woocommerce-LoopProduct-link woocommerce-loop-product__link\"><\/a><\/li><li class=\"product type-product post-4220 status-publish instock product_cat-ekler product_cat-pastalar product_cat-sekerli-kuru-pastalar has-post-thumbnail shipping-taxable purchasable product-type-simple\">\n\t<div class=\"mkdf-pl-inner\"><div class=\"mkdf-pl-image\"><img width=\"300\" height=\"300\" src=\"http:\/\/ekmekcigurme.com.tr\/wp-content\/uploads\/2021\/06\/urun-31-300x300.jpg\" class=\"attachment-woocommerce_thumbnail size-woocommerce_thumbnail\" alt=\"\" loading=\"lazy\" srcset=\"http:\/\/ekmekcigurme.com.tr\/wp-content\/uploads\/2021\/06\/urun-31-300x300.jpg 300w, http:\/\/ekmekcigurme.com.tr\/wp-content\/uploads\/2021\/06\/urun-31-150x150.jpg 150w, http:\/\/ekmekcigurme.com.tr\/wp-content\/uploads\/2021\/06\/urun-31-650x650.jpg 650w, http:\/\/ekmekcigurme.com.tr\/wp-content\/uploads\/2021\/06\/urun-31-1300x1300.jpg 1300w, http:\/\/ekmekcigurme.com.tr\/wp-content\/uploads\/2021\/06\/urun-31-100x100.jpg 100w\" sizes=\"(max-width: 300px) 100vw, 300px\" \/><div class=\"mkdf-pl-text\"><div class=\"mkdf-pl-text-outer\"><div class=\"mkdf-pl-text-inner\"><a href=\"?add-to-cart=4220\" data-quantity=\"1\" class=\"button product_type_simple add_to_cart_button ajax_add_to_cart\" data-product_id=\"4220\" data-product_sku=\"\" aria-label=\"&ldquo;\u00c7ikolatal\u0131 Ekler&rdquo; \u00fcr\u00fcn\u00fcn\u00fc sepete ekle\" rel=\"nofollow\">Sepete Ekle<\/a><\/div><\/div><\/div><\/div><\/div><div class=\"mkdf-pl-text-wrapper\"><h4 class=\"mkdf-product-list-title\"><a href=\"http:\/\/ekmekcigurme.com.tr\/?product=cikolatali-ekler\">\u00c7ikolatal\u0131 Ekler<\/a><\/h4>\n\t<span class=\"price\"><span class=\"woocommerce-Price-amount amount\"><bdi><span class=\"woocommerce-Price-currencySymbol\">&#8378;<\/span>&nbsp;180,00<\/bdi><\/span><\/span>\n<\/div><a href=\"http:\/\/ekmekcigurme.com.tr\/?product=cikolatali-ekler\" class=\"woocommerce-LoopProduct-link woocommerce-loop-product__link\"><\/a><\/li><li class=\"product type-product post-3898 status-publish last instock product_cat-pastalar has-post-thumbnail shipping-taxable purchasable product-type-variable\">\n\t<div class=\"mkdf-pl-inner\"><div class=\"mkdf-pl-image\"><img width=\"300\" height=\"300\" src=\"http:\/\/ekmekcigurme.com.tr\/wp-content\/uploads\/2021\/05\/urun-39-300x300.jpg\" class=\"attachment-woocommerce_thumbnail size-woocommerce_thumbnail\" alt=\"\" loading=\"lazy\" srcset=\"http:\/\/ekmekcigurme.com.tr\/wp-content\/uploads\/2021\/05\/urun-39-300x300.jpg 300w, http:\/\/ekmekcigurme.com.tr\/wp-content\/uploads\/2021\/05\/urun-39-150x150.jpg 150w, http:\/\/ekmekcigurme.com.tr\/wp-content\/uploads\/2021\/05\/urun-39-650x650.jpg 650w, http:\/\/ekmekcigurme.com.tr\/wp-content\/uploads\/2021\/05\/urun-39-1300x1300.jpg 1300w, http:\/\/ekmekcigurme.com.tr\/wp-content\/uploads\/2021\/05\/urun-39-100x100.jpg 100w\" sizes=\"(max-width: 300px) 100vw, 300px\" \/><div class=\"mkdf-pl-text\"><div class=\"mkdf-pl-text-outer\"><div class=\"mkdf-pl-text-inner\"><a href=\"http:\/\/ekmekcigurme.com.tr\/?product=cikolata-topu\" data-quantity=\"1\" class=\"button product_type_variable add_to_cart_button\" data-product_id=\"3898\" data-product_sku=\"\" aria-label=\"&ldquo;\u00c7ikolatal\u0131 Krokan Pasta&rdquo; i\u00e7in se\u00e7enekleri se\u00e7in\" rel=\"nofollow\">Se\u00e7enekler<\/a><\/div><\/div><\/div><\/div><\/div><div class=\"mkdf-pl-text-wrapper\"><h4 class=\"mkdf-product-list-title\"><a href=\"http:\/\/ekmekcigurme.com.tr\/?product=cikolata-topu\">\u00c7ikolatal\u0131 Krokan Pasta<\/a><\/h4>\n\t<span class=\"price\"><span class=\"woocommerce-Price-amount amount\"><bdi><span class=\"woocommerce-Price-currencySymbol\">&#8378;<\/span>&nbsp;225,00<\/bdi><\/span> &ndash; <span class=\"woocommerce-Price-amount amount\"><bdi><span class=\"woocommerce-Price-currencySymbol\">&#8378;<\/span>&nbsp;285,00<\/bdi><\/span><\/span>\n<\/div><a href=\"http:\/\/ekmekcigurme.com.tr\/?product=cikolata-topu\" class=\"woocommerce-LoopProduct-link woocommerce-loop-product__link\"><\/a><\/li><li class=\"product type-product post-4212 status-publish first instock product_cat-ekler product_cat-pastalar product_cat-sekerli-kuru-pastalar has-post-thumbnail shipping-taxable product-type-simple\">\n\t<div class=\"mkdf-pl-inner\"><div class=\"mkdf-pl-image\"><img width=\"300\" height=\"300\" src=\"http:\/\/ekmekcigurme.com.tr\/wp-content\/uploads\/2021\/06\/urun-29-300x300.jpg\" class=\"attachment-woocommerce_thumbnail size-woocommerce_thumbnail\" alt=\"\" loading=\"lazy\" srcset=\"http:\/\/ekmekcigurme.com.tr\/wp-content\/uploads\/2021\/06\/urun-29-300x300.jpg 300w, http:\/\/ekmekcigurme.com.tr\/wp-content\/uploads\/2021\/06\/urun-29-150x150.jpg 150w, http:\/\/ekmekcigurme.com.tr\/wp-content\/uploads\/2021\/06\/urun-29-650x650.jpg 650w, http:\/\/ekmekcigurme.com.tr\/wp-content\/uploads\/2021\/06\/urun-29-1300x1300.jpg 1300w, http:\/\/ekmekcigurme.com.tr\/wp-content\/uploads\/2021\/06\/urun-29-100x100.jpg 100w\" sizes=\"(max-width: 300px) 100vw, 300px\" \/><div class=\"mkdf-pl-text\"><div class=\"mkdf-pl-text-outer\"><div class=\"mkdf-pl-text-inner\"><a href=\"http:\/\/ekmekcigurme.com.tr\/?product=cikolatali-rulo-pasta\" data-quantity=\"1\" class=\"button product_type_simple\" data-product_id=\"4212\" data-product_sku=\"\" aria-label=\"&ldquo;\u00c7ikolatal\u0131 Rulo Pasta&rdquo; hakk\u0131nda daha fazla bilgi edinin\" rel=\"nofollow\">Devam\u0131n\u0131 oku<\/a><\/div><\/div><\/div><\/div><\/div><div class=\"mkdf-pl-text-wrapper\"><h4 class=\"mkdf-product-list-title\"><a href=\"http:\/\/ekmekcigurme.com.tr\/?product=cikolatali-rulo-pasta\">\u00c7ikolatal\u0131 Rulo Pasta<\/a><\/h4>\n<\/div><a href=\"http:\/\/ekmekcigurme.com.tr\/?product=cikolatali-rulo-pasta\" class=\"woocommerce-LoopProduct-link woocommerce-loop-product__link\"><\/a><\/li><li class=\"product type-product post-3887 status-publish instock product_cat-pastalar has-post-thumbnail shipping-taxable purchasable product-type-variable has-default-attributes\">\n\t<div class=\"mkdf-pl-inner\"><div class=\"mkdf-pl-image\"><img width=\"300\" height=\"300\" src=\"http:\/\/ekmekcigurme.com.tr\/wp-content\/uploads\/2021\/05\/urun-32-300x300.jpg\" class=\"attachment-woocommerce_thumbnail size-woocommerce_thumbnail\" alt=\"\" loading=\"lazy\" srcset=\"http:\/\/ekmekcigurme.com.tr\/wp-content\/uploads\/2021\/05\/urun-32-300x300.jpg 300w, http:\/\/ekmekcigurme.com.tr\/wp-content\/uploads\/2021\/05\/urun-32-150x150.jpg 150w, http:\/\/ekmekcigurme.com.tr\/wp-content\/uploads\/2021\/05\/urun-32-650x650.jpg 650w, http:\/\/ekmekcigurme.com.tr\/wp-content\/uploads\/2021\/05\/urun-32-1300x1300.jpg 1300w, http:\/\/ekmekcigurme.com.tr\/wp-content\/uploads\/2021\/05\/urun-32-100x100.jpg 100w\" sizes=\"(max-width: 300px) 100vw, 300px\" \/><div class=\"mkdf-pl-text\"><div class=\"mkdf-pl-text-outer\"><div class=\"mkdf-pl-text-inner\"><a href=\"http:\/\/ekmekcigurme.com.tr\/?product=cikolatali-pasta\" data-quantity=\"1\" class=\"button product_type_variable add_to_cart_button\" data-product_id=\"3887\" data-product_sku=\"\" aria-label=\"&ldquo;F\u0131st\u0131kl\u0131 \u00c7ikolatal\u0131 Pasta&rdquo; i\u00e7in se\u00e7enekleri se\u00e7in\" rel=\"nofollow\">Se\u00e7enekler<\/a><\/div><\/div><\/div><\/div><\/div><div class=\"mkdf-pl-text-wrapper\"><h4 class=\"mkdf-product-list-title\"><a href=\"http:\/\/ekmekcigurme.com.tr\/?product=cikolatali-pasta\">F\u0131st\u0131kl\u0131 \u00c7ikolatal\u0131 Pasta<\/a><\/h4>\n\t<span class=\"price\"><span class=\"woocommerce-Price-amount amount\"><bdi><span class=\"woocommerce-Price-currencySymbol\">&#8378;<\/span>&nbsp;225,00<\/bdi><\/span> &ndash; <span class=\"woocommerce-Price-amount amount\"><bdi><span class=\"woocommerce-Price-currencySymbol\">&#8378;<\/span>&nbsp;285,00<\/bdi><\/span><\/span>\n<\/div><a href=\"http:\/\/ekmekcigurme.com.tr\/?product=cikolatali-pasta\" class=\"woocommerce-LoopProduct-link woocommerce-loop-product__link\"><\/a><\/li><li class=\"product type-product post-4267 status-publish last instock product_cat-pastalar has-post-thumbnail shipping-taxable purchasable product-type-variable\">\n\t<div class=\"mkdf-pl-inner\"><div class=\"mkdf-pl-image\"><img width=\"300\" height=\"300\" src=\"http:\/\/ekmekcigurme.com.tr\/wp-content\/uploads\/2021\/06\/urun-43-1-300x300.jpg\" class=\"attachment-woocommerce_thumbnail size-woocommerce_thumbnail\" alt=\"\" loading=\"lazy\" srcset=\"http:\/\/ekmekcigurme.com.tr\/wp-content\/uploads\/2021\/06\/urun-43-1-300x300.jpg 300w, http:\/\/ekmekcigurme.com.tr\/wp-content\/uploads\/2021\/06\/urun-43-1-150x150.jpg 150w, http:\/\/ekmekcigurme.com.tr\/wp-content\/uploads\/2021\/06\/urun-43-1-650x650.jpg 650w, http:\/\/ekmekcigurme.com.tr\/wp-content\/uploads\/2021\/06\/urun-43-1-1300x1300.jpg 1300w, http:\/\/ekmekcigurme.com.tr\/wp-content\/uploads\/2021\/06\/urun-43-1-100x100.jpg 100w\" sizes=\"(max-width: 300px) 100vw, 300px\" \/><div class=\"mkdf-pl-text\"><div class=\"mkdf-pl-text-outer\"><div class=\"mkdf-pl-text-inner\"><a href=\"http:\/\/ekmekcigurme.com.tr\/?product=has-bahce\" data-quantity=\"1\" class=\"button product_type_variable add_to_cart_button\" data-product_id=\"4267\" data-product_sku=\"\" aria-label=\"&ldquo;Frambuazl\u0131 Pasta&rdquo; i\u00e7in se\u00e7enekleri se\u00e7in\" rel=\"nofollow\">Se\u00e7enekler<\/a><\/div><\/div><\/div><\/div><\/div><div class=\"mkdf-pl-text-wrapper\"><h4 class=\"mkdf-product-list-title\"><a href=\"http:\/\/ekmekcigurme.com.tr\/?product=has-bahce\">Frambuazl\u0131 Pasta<\/a><\/h4>\n\t<span class=\"price\"><span class=\"woocommerce-Price-amount amount\"><bdi><span class=\"woocommerce-Price-currencySymbol\">&#8378;<\/span>&nbsp;225,00<\/bdi><\/span> &ndash; <span class=\"woocommerce-Price-amount amount\"><bdi><span class=\"woocommerce-Price-currencySymbol\">&#8378;<\/span>&nbsp;285,00<\/bdi><\/span><\/span>\n<\/div><a href=\"http:\/\/ekmekcigurme.com.tr\/?product=has-bahce\" class=\"woocommerce-LoopProduct-link woocommerce-loop-product__link\"><\/a><\/li><li class=\"product type-product post-3894 status-publish first instock product_cat-pastalar has-post-thumbnail shipping-taxable purchasable product-type-variable\">\n\t<div class=\"mkdf-pl-inner\"><div class=\"mkdf-pl-image\"><img width=\"300\" height=\"300\" src=\"http:\/\/ekmekcigurme.com.tr\/wp-content\/uploads\/2021\/05\/urun-41-300x300.jpg\" class=\"attachment-woocommerce_thumbnail size-woocommerce_thumbnail\" alt=\"\" loading=\"lazy\" srcset=\"http:\/\/ekmekcigurme.com.tr\/wp-content\/uploads\/2021\/05\/urun-41-300x300.jpg 300w, http:\/\/ekmekcigurme.com.tr\/wp-content\/uploads\/2021\/05\/urun-41-150x150.jpg 150w, http:\/\/ekmekcigurme.com.tr\/wp-content\/uploads\/2021\/05\/urun-41-650x650.jpg 650w, http:\/\/ekmekcigurme.com.tr\/wp-content\/uploads\/2021\/05\/urun-41-1300x1300.jpg 1300w, http:\/\/ekmekcigurme.com.tr\/wp-content\/uploads\/2021\/05\/urun-41-100x100.jpg 100w\" sizes=\"(max-width: 300px) 100vw, 300px\" \/><div class=\"mkdf-pl-text\"><div class=\"mkdf-pl-text-outer\"><div class=\"mkdf-pl-text-inner\"><a href=\"http:\/\/ekmekcigurme.com.tr\/?product=meyve-kokteyli-cikolatali\" data-quantity=\"1\" class=\"button product_type_variable add_to_cart_button\" data-product_id=\"3894\" data-product_sku=\"50\" aria-label=\"&ldquo;Kokteyl Pasta&rdquo; i\u00e7in se\u00e7enekleri se\u00e7in\" rel=\"nofollow\">Se\u00e7enekler<\/a><\/div><\/div><\/div><\/div><\/div><div class=\"mkdf-pl-text-wrapper\"><h4 class=\"mkdf-product-list-title\"><a href=\"http:\/\/ekmekcigurme.com.tr\/?product=meyve-kokteyli-cikolatali\">Kokteyl Pasta<\/a><\/h4>\n\t<span class=\"price\"><span class=\"woocommerce-Price-amount amount\"><bdi><span class=\"woocommerce-Price-currencySymbol\">&#8378;<\/span>&nbsp;225,00<\/bdi><\/span> &ndash; <span class=\"woocommerce-Price-amount amount\"><bdi><span class=\"woocommerce-Price-currencySymbol\">&#8378;<\/span>&nbsp;285,00<\/bdi><\/span><\/span>\n<\/div><a href=\"http:\/\/ekmekcigurme.com.tr\/?product=meyve-kokteyli-cikolatali\" class=\"woocommerce-LoopProduct-link woocommerce-loop-product__link\"><\/a><\/li><li class=\"product type-product post-3900 status-publish instock product_cat-pastalar has-post-thumbnail shipping-taxable purchasable product-type-variable\">\n\t<div class=\"mkdf-pl-inner\"><div class=\"mkdf-pl-image\"><img width=\"300\" height=\"300\" src=\"http:\/\/ekmekcigurme.com.tr\/wp-content\/uploads\/2021\/05\/urun-35-300x300.jpg\" class=\"attachment-woocommerce_thumbnail size-woocommerce_thumbnail\" alt=\"\" loading=\"lazy\" srcset=\"http:\/\/ekmekcigurme.com.tr\/wp-content\/uploads\/2021\/05\/urun-35-300x300.jpg 300w, http:\/\/ekmekcigurme.com.tr\/wp-content\/uploads\/2021\/05\/urun-35-150x150.jpg 150w, http:\/\/ekmekcigurme.com.tr\/wp-content\/uploads\/2021\/05\/urun-35-650x650.jpg 650w, http:\/\/ekmekcigurme.com.tr\/wp-content\/uploads\/2021\/05\/urun-35-1300x1300.jpg 1300w, http:\/\/ekmekcigurme.com.tr\/wp-content\/uploads\/2021\/05\/urun-35-100x100.jpg 100w\" sizes=\"(max-width: 300px) 100vw, 300px\" \/><div class=\"mkdf-pl-text\"><div class=\"mkdf-pl-text-outer\"><div class=\"mkdf-pl-text-inner\"><a href=\"http:\/\/ekmekcigurme.com.tr\/?product=cilekli-pasta\" data-quantity=\"1\" class=\"button product_type_variable add_to_cart_button\" data-product_id=\"3900\" data-product_sku=\"\" aria-label=\"&ldquo;Mois Pasta&rdquo; i\u00e7in se\u00e7enekleri se\u00e7in\" rel=\"nofollow\">Se\u00e7enekler<\/a><\/div><\/div><\/div><\/div><\/div><div class=\"mkdf-pl-text-wrapper\"><h4 class=\"mkdf-product-list-title\"><a href=\"http:\/\/ekmekcigurme.com.tr\/?product=cilekli-pasta\">Mois Pasta<\/a><\/h4>\n\t<span class=\"price\"><span class=\"woocommerce-Price-amount amount\"><bdi><span class=\"woocommerce-Price-currencySymbol\">&#8378;<\/span>&nbsp;225,00<\/bdi><\/span> &ndash; <span class=\"woocommerce-Price-amount amount\"><bdi><span class=\"woocommerce-Price-currencySymbol\">&#8378;<\/span>&nbsp;285,00<\/bdi><\/span><\/span>\n<\/div><a href=\"http:\/\/ekmekcigurme.com.tr\/?product=cilekli-pasta\" class=\"woocommerce-LoopProduct-link woocommerce-loop-product__link\"><\/a><\/li><li class=\"product type-product post-3909 status-publish last instock product_cat-pastalar has-post-thumbnail shipping-taxable purchasable product-type-variable\">\n\t<div class=\"mkdf-pl-inner\"><div class=\"mkdf-pl-image\"><img width=\"300\" height=\"300\" src=\"http:\/\/ekmekcigurme.com.tr\/wp-content\/uploads\/2021\/05\/urun-33-300x300.jpg\" class=\"attachment-woocommerce_thumbnail size-woocommerce_thumbnail\" alt=\"\" loading=\"lazy\" srcset=\"http:\/\/ekmekcigurme.com.tr\/wp-content\/uploads\/2021\/05\/urun-33-300x300.jpg 300w, http:\/\/ekmekcigurme.com.tr\/wp-content\/uploads\/2021\/05\/urun-33-150x150.jpg 150w, http:\/\/ekmekcigurme.com.tr\/wp-content\/uploads\/2021\/05\/urun-33-650x650.jpg 650w, http:\/\/ekmekcigurme.com.tr\/wp-content\/uploads\/2021\/05\/urun-33-1300x1300.jpg 1300w, http:\/\/ekmekcigurme.com.tr\/wp-content\/uploads\/2021\/05\/urun-33-100x100.jpg 100w\" sizes=\"(max-width: 300px) 100vw, 300px\" \/><div class=\"mkdf-pl-text\"><div class=\"mkdf-pl-text-outer\"><div class=\"mkdf-pl-text-inner\"><a href=\"http:\/\/ekmekcigurme.com.tr\/?product=masal-pasta\" data-quantity=\"1\" class=\"button product_type_variable add_to_cart_button\" data-product_id=\"3909\" data-product_sku=\"\" aria-label=\"&ldquo;Muz F\u0131nd\u0131k Pasta&rdquo; i\u00e7in se\u00e7enekleri se\u00e7in\" rel=\"nofollow\">Se\u00e7enekler<\/a><\/div><\/div><\/div><\/div><\/div><div class=\"mkdf-pl-text-wrapper\"><h4 class=\"mkdf-product-list-title\"><a href=\"http:\/\/ekmekcigurme.com.tr\/?product=masal-pasta\">Muz F\u0131nd\u0131k Pasta<\/a><\/h4>\n\t<span class=\"price\"><span class=\"woocommerce-Price-amount amount\"><bdi><span class=\"woocommerce-Price-currencySymbol\">&#8378;<\/span>&nbsp;225,00<\/bdi><\/span> &ndash; <span class=\"woocommerce-Price-amount amount\"><bdi><span class=\"woocommerce-Price-currencySymbol\">&#8378;<\/span>&nbsp;285,00<\/bdi><\/span><\/span>\n<\/div><a href=\"http:\/\/ekmekcigurme.com.tr\/?product=masal-pasta\" class=\"woocommerce-LoopProduct-link woocommerce-loop-product__link\"><\/a><\/li><li class=\"product type-product post-4216 status-publish first instock product_cat-ekler product_cat-pastalar product_cat-sekerli-kuru-pastalar has-post-thumbnail shipping-taxable purchasable product-type-simple\">\n\t<div class=\"mkdf-pl-inner\"><div class=\"mkdf-pl-image\"><img width=\"300\" height=\"300\" src=\"http:\/\/ekmekcigurme.com.tr\/wp-content\/uploads\/2021\/06\/urun-30-300x300.jpg\" class=\"attachment-woocommerce_thumbnail size-woocommerce_thumbnail\" alt=\"\" loading=\"lazy\" srcset=\"http:\/\/ekmekcigurme.com.tr\/wp-content\/uploads\/2021\/06\/urun-30-300x300.jpg 300w, http:\/\/ekmekcigurme.com.tr\/wp-content\/uploads\/2021\/06\/urun-30-150x150.jpg 150w, http:\/\/ekmekcigurme.com.tr\/wp-content\/uploads\/2021\/06\/urun-30-650x650.jpg 650w, http:\/\/ekmekcigurme.com.tr\/wp-content\/uploads\/2021\/06\/urun-30-1300x1300.jpg 1300w, http:\/\/ekmekcigurme.com.tr\/wp-content\/uploads\/2021\/06\/urun-30-100x100.jpg 100w\" sizes=\"(max-width: 300px) 100vw, 300px\" \/><div class=\"mkdf-pl-text\"><div class=\"mkdf-pl-text-outer\"><div class=\"mkdf-pl-text-inner\"><a href=\"?add-to-cart=4216\" data-quantity=\"1\" class=\"button product_type_simple add_to_cart_button ajax_add_to_cart\" data-product_id=\"4216\" data-product_sku=\"\" aria-label=\"&ldquo;Muzlu Rulo Pasta&rdquo; \u00fcr\u00fcn\u00fcn\u00fc sepete ekle\" rel=\"nofollow\">Sepete Ekle<\/a><\/div><\/div><\/div><\/div><\/div><div class=\"mkdf-pl-text-wrapper\"><h4 class=\"mkdf-product-list-title\"><a href=\"http:\/\/ekmekcigurme.com.tr\/?product=muzlu-rulo-pasta\">Muzlu Rulo Pasta<\/a><\/h4>\n\t<span class=\"price\"><span class=\"woocommerce-Price-amount amount\"><bdi><span class=\"woocommerce-Price-currencySymbol\">&#8378;<\/span>&nbsp;210,00<\/bdi><\/span><\/span>\n<\/div><a href=\"http:\/\/ekmekcigurme.com.tr\/?product=muzlu-rulo-pasta\" class=\"woocommerce-LoopProduct-link woocommerce-loop-product__link\"><\/a><\/li><li class=\"product type-product post-3902 status-publish instock product_cat-pastalar has-post-thumbnail shipping-taxable purchasable product-type-variable\">\n\t<div class=\"mkdf-pl-inner\"><div class=\"mkdf-pl-image\"><img width=\"300\" height=\"300\" src=\"http:\/\/ekmekcigurme.com.tr\/wp-content\/uploads\/2021\/05\/urun-36-300x300.jpg\" class=\"attachment-woocommerce_thumbnail size-woocommerce_thumbnail\" alt=\"\" loading=\"lazy\" srcset=\"http:\/\/ekmekcigurme.com.tr\/wp-content\/uploads\/2021\/05\/urun-36-300x300.jpg 300w, http:\/\/ekmekcigurme.com.tr\/wp-content\/uploads\/2021\/05\/urun-36-150x150.jpg 150w, http:\/\/ekmekcigurme.com.tr\/wp-content\/uploads\/2021\/05\/urun-36-650x650.jpg 650w, http:\/\/ekmekcigurme.com.tr\/wp-content\/uploads\/2021\/05\/urun-36-1300x1300.jpg 1300w, http:\/\/ekmekcigurme.com.tr\/wp-content\/uploads\/2021\/05\/urun-36-100x100.jpg 100w\" sizes=\"(max-width: 300px) 100vw, 300px\" \/><div class=\"mkdf-pl-text\"><div class=\"mkdf-pl-text-outer\"><div class=\"mkdf-pl-text-inner\"><a href=\"http:\/\/ekmekcigurme.com.tr\/?product=kakao-parcacikli-pasta\" data-quantity=\"1\" class=\"button product_type_variable add_to_cart_button\" data-product_id=\"3902\" data-product_sku=\"\" aria-label=\"&ldquo;Profiterol Pasta&rdquo; i\u00e7in se\u00e7enekleri se\u00e7in\" rel=\"nofollow\">Se\u00e7enekler<\/a><\/div><\/div><\/div><\/div><\/div><div class=\"mkdf-pl-text-wrapper\"><h4 class=\"mkdf-product-list-title\"><a href=\"http:\/\/ekmekcigurme.com.tr\/?product=kakao-parcacikli-pasta\">Profiterol Pasta<\/a><\/h4>\n\t<span class=\"price\"><span class=\"woocommerce-Price-amount amount\"><bdi><span class=\"woocommerce-Price-currencySymbol\">&#8378;<\/span>&nbsp;225,00<\/bdi><\/span> &ndash; <span class=\"woocommerce-Price-amount amount\"><bdi><span class=\"woocommerce-Price-currencySymbol\">&#8378;<\/span>&nbsp;285,00<\/bdi><\/span><\/span>\n<\/div><a href=\"http:\/\/ekmekcigurme.com.tr\/?product=kakao-parcacikli-pasta\" class=\"woocommerce-LoopProduct-link woocommerce-loop-product__link\"><\/a><\/li><li class=\"product type-product post-3896 status-publish last instock product_cat-pastalar has-post-thumbnail shipping-taxable product-type-simple\">\n\t<div class=\"mkdf-pl-inner\"><div class=\"mkdf-pl-image\"><img width=\"300\" height=\"300\" src=\"http:\/\/ekmekcigurme.com.tr\/wp-content\/uploads\/2021\/05\/urun-37-300x300.jpg\" class=\"attachment-woocommerce_thumbnail size-woocommerce_thumbnail\" alt=\"\" loading=\"lazy\" srcset=\"http:\/\/ekmekcigurme.com.tr\/wp-content\/uploads\/2021\/05\/urun-37-300x300.jpg 300w, http:\/\/ekmekcigurme.com.tr\/wp-content\/uploads\/2021\/05\/urun-37-150x150.jpg 150w, http:\/\/ekmekcigurme.com.tr\/wp-content\/uploads\/2021\/05\/urun-37-650x650.jpg 650w, http:\/\/ekmekcigurme.com.tr\/wp-content\/uploads\/2021\/05\/urun-37-1300x1300.jpg 1300w, http:\/\/ekmekcigurme.com.tr\/wp-content\/uploads\/2021\/05\/urun-37-100x100.jpg 100w\" sizes=\"(max-width: 300px) 100vw, 300px\" \/><div class=\"mkdf-pl-text\"><div class=\"mkdf-pl-text-outer\"><div class=\"mkdf-pl-text-inner\"><a href=\"http:\/\/ekmekcigurme.com.tr\/?product=meyve-kokteyli-beyaz-cikolatali\" data-quantity=\"1\" class=\"button product_type_simple\" data-product_id=\"3896\" data-product_sku=\"\" aria-label=\"&ldquo;U\u011fur B\u00f6ce\u011fi Pasta&rdquo; hakk\u0131nda daha fazla bilgi edinin\" rel=\"nofollow\">Devam\u0131n\u0131 oku<\/a><\/div><\/div><\/div><\/div><\/div><div class=\"mkdf-pl-text-wrapper\"><h4 class=\"mkdf-product-list-title\"><a href=\"http:\/\/ekmekcigurme.com.tr\/?product=meyve-kokteyli-beyaz-cikolatali\">U\u011fur B\u00f6ce\u011fi Pasta<\/a><\/h4>\n<\/div><a href=\"http:\/\/ekmekcigurme.com.tr\/?product=meyve-kokteyli-beyaz-cikolatali\" class=\"woocommerce-LoopProduct-link woocommerce-loop-product__link\"><\/a><\/li><\/ul>\n<\/div>[\/vc_column][\/vc_row]<\/p>\n","protected":false},"excerpt":{"rendered":"<p>[vc_row row_content_width=&#8221;grid&#8221;][vc_column][vc_empty_space][\/vc_column][\/vc_row]<\/p>\n","protected":false},"author":1,"featured_media":0,"parent":0,"menu_order":0,"comment_status":"closed","ping_status":"closed","template":"full-width.php","meta":[],"_links":{"self":[{"href":"http:\/\/ekmekcigurme.com.tr\/index.php?rest_route=\/wp\/v2\/pages\/3884"}],"collection":[{"href":"http:\/\/ekmekcigurme.com.tr\/index.php?rest_route=\/wp\/v2\/pages"}],"about":[{"href":"http:\/\/ekmekcigurme.com.tr\/index.php?rest_route=\/wp\/v2\/types\/page"}],"author":[{"embeddable":true,"href":"http:\/\/ekmekcigurme.com.tr\/index.php?rest_route=\/wp\/v2\/users\/1"}],"replies":[{"embeddable":true,"href":"http:\/\/ekmekcigurme.com.tr\/index.php?rest_route=%2Fwp%2Fv2%2Fcomments&post=3884"}],"version-history":[{"count":6,"href":"http:\/\/ekmekcigurme.com.tr\/index.php?rest_route=\/wp\/v2\/pages\/3884\/revisions"}],"predecessor-version":[{"id":4238,"href":"http:\/\/ekmekcigurme.com.tr\/index.php?rest_route=\/wp\/v2\/pages\/3884\/revisions\/4238"}],"wp:attachment":[{"href":"http:\/\/ekmekcigurme.com.tr\/index.php?rest_route=%2Fwp%2Fv2%2Fmedia&parent=3884"}],"curies":[{"name":"wp","href":"https:\/\/api.w.org\/{rel}","templated":true}]}}